{"id":11,"date":"2023-08-31T11:31:54","date_gmt":"2023-08-31T09:31:54","guid":{"rendered":"http:\/\/thomasborie.com\/?page_id=11"},"modified":"2023-08-31T17:35:51","modified_gmt":"2023-08-31T15:35:51","slug":"about","status":"publish","type":"page","link":"https:\/\/thomasborie.com\/index.php\/about\/","title":{"rendered":"About"},"content":{"rendered":"\n<p><strong>Thomas Borie<\/strong><\/p>\n\n\n\n<p><strong>Architecte<\/strong> <strong>HMONP<\/strong> inscrit \u00e0 l&#8217;Ordre des Architectes depuis 2013 <em>(affiliation nationale : 076660)<\/em>, dipl\u00f4m\u00e9 de l&#8217;Ecole Nationale Sup\u00e9rieure d&#8217;Architecture et de Paysage de Bordeaux (ENSAPBx)<\/p>\n\n\n\n<p><strong>Imagiste ind\u00e9pendant<\/strong> depuis 2008<\/p>\n\n\n\n<p><strong>Coordinateur et intervenant<\/strong> en cours d&#8217;architecture d&#8217;int\u00e9rieur au sein de MJM Graphic Design Bordeaux depuis 2016 <em>(num\u00e9ro DREETS : 75 331 327 233)<\/em><\/p>\n\n\n\n<p><strong>SIREN :<\/strong> 515 344 158 00040<\/p>\n\n\n\n<p><strong>+33 (0)7 86 27 68 08<\/strong><\/p>\n\n\n\n<p><strong>Adresse postale :<\/strong> 1 rue des Herbes, 33000 Bordeaux (Fr)<\/p>\n\n\n\n<div style=\"height:100px\" aria-hidden=\"true\" class=\"wp-block-spacer\"><\/div>\n\n\n\n<div class=\"wp-block-cover alignfull\" style=\"padding-top:50px;padding-right:50px;padding-bottom:50px;padding-left:50px;min-height:83px;aspect-ratio:unset;\"><span aria-hidden=\"true\" class=\"wp-block-cover__background has-black-background-color has-background-dim-100 has-background-dim\"><\/span><div class=\"wp-block-cover__inner-container is-layout-flow wp-block-cover-is-layout-flow\">\n<p class=\"has-text-align-center has-large-font-size\"><\/p>\n<\/div><\/div>\n","protected":false},"excerpt":{"rendered":"<p>Thomas Borie Architecte HMONP inscrit \u00e0 l&#8217;Ordre des Architectes depuis 2013 (affiliation nationale : 076660), dipl\u00f4m\u00e9 de l&#8217;Ecole Nationale Sup\u00e9rieure d&#8217;Architecture et de Paysage de Bordeaux (ENSAPBx) Imagiste ind\u00e9pendant depuis 2008 Coordinateur et intervenant en cours d&#8217;architecture d&#8217;int\u00e9rieur au sein de MJM Graphic Design Bordeaux depuis 2016 (num\u00e9ro DREETS : 75 331 327 233) SIREN &hellip; <\/p>\n<p class=\"link-more\"><a href=\"https:\/\/thomasborie.com\/index.php\/about\/\" class=\"more-link\">Read more<span class=\"screen-reader-text\"> &#8220;About&#8221;<\/span><\/a><\/p>\n","protected":false},"author":1,"featured_media":76,"parent":0,"menu_order":0,"comment_status":"closed","ping_status":"closed","template":"","meta":{"ngg_post_thumbnail":0,"footnotes":""},"class_list":["post-11","page","type-page","status-publish","has-post-thumbnail","hentry"],"featured_media_urls":{"thumbnail":["https:\/\/thomasborie.com\/wp-content\/uploads\/2023\/08\/VUE_DUNE_ENCOURS2-150x150.jpg",150,150,true],"medium":["https:\/\/thomasborie.com\/wp-content\/uploads\/2023\/08\/VUE_DUNE_ENCOURS2-300x122.jpg",300,122,true],"medium_large":["https:\/\/thomasborie.com\/wp-content\/uploads\/2023\/08\/VUE_DUNE_ENCOURS2-768x313.jpg",768,313,true],"large":["https:\/\/thomasborie.com\/wp-content\/uploads\/2023\/08\/VUE_DUNE_ENCOURS2-1024x418.jpg",950,388,true],"1536x1536":["https:\/\/thomasborie.com\/wp-content\/uploads\/2023\/08\/VUE_DUNE_ENCOURS2-1536x626.jpg",1536,626,true],"2048x2048":["https:\/\/thomasborie.com\/wp-content\/uploads\/2023\/08\/VUE_DUNE_ENCOURS2-2048x835.jpg",2048,835,true],"inspiro-featured-image":["https:\/\/thomasborie.com\/wp-content\/uploads\/2023\/08\/VUE_DUNE_ENCOURS2-2000x815.jpg",2000,815,true],"inspiro-loop":["https:\/\/thomasborie.com\/wp-content\/uploads\/2023\/08\/VUE_DUNE_ENCOURS2-950x320.jpg",950,320,true],"inspiro-loop@2x":["https:\/\/thomasborie.com\/wp-content\/uploads\/2023\/08\/VUE_DUNE_ENCOURS2-1900x640.jpg",1900,640,true],"portfolio_item-thumbnail":["https:\/\/thomasborie.com\/wp-content\/uploads\/2023\/08\/VUE_DUNE_ENCOURS2-600x400.jpg",600,400,true],"portfolio_item-thumbnail@2x":["https:\/\/thomasborie.com\/wp-content\/uploads\/2023\/08\/VUE_DUNE_ENCOURS2-1200x800.jpg",1200,800,true],"portfolio_item-masonry":["https:\/\/thomasborie.com\/wp-content\/uploads\/2023\/08\/VUE_DUNE_ENCOURS2-600x245.jpg",600,245,true],"portfolio_item-masonry@2x":["https:\/\/thomasborie.com\/wp-content\/uploads\/2023\/08\/VUE_DUNE_ENCOURS2-1200x489.jpg",1200,489,true],"portfolio_item-thumbnail_cinema":["https:\/\/thomasborie.com\/wp-content\/uploads\/2023\/08\/VUE_DUNE_ENCOURS2-800x335.jpg",800,335,true],"portfolio_item-thumbnail_portrait":["https:\/\/thomasborie.com\/wp-content\/uploads\/2023\/08\/VUE_DUNE_ENCOURS2-600x900.jpg",600,900,true],"portfolio_item-thumbnail_portrait@2x":["https:\/\/thomasborie.com\/wp-content\/uploads\/2023\/08\/VUE_DUNE_ENCOURS2-1200x1800.jpg",1200,1800,true],"portfolio_item-thumbnail_square":["https:\/\/thomasborie.com\/wp-content\/uploads\/2023\/08\/VUE_DUNE_ENCOURS2-800x800.jpg",800,800,true]},"_links":{"self":[{"href":"https:\/\/thomasborie.com\/index.php\/wp-json\/wp\/v2\/pages\/11","targetHints":{"allow":["GET"]}}],"collection":[{"href":"https:\/\/thomasborie.com\/index.php\/wp-json\/wp\/v2\/pages"}],"about":[{"href":"https:\/\/thomasborie.com\/index.php\/wp-json\/wp\/v2\/types\/page"}],"author":[{"embeddable":true,"href":"https:\/\/thomasborie.com\/index.php\/wp-json\/wp\/v2\/users\/1"}],"replies":[{"embeddable":true,"href":"https:\/\/thomasborie.com\/index.php\/wp-json\/wp\/v2\/comments?post=11"}],"version-history":[{"count":6,"href":"https:\/\/thomasborie.com\/index.php\/wp-json\/wp\/v2\/pages\/11\/revisions"}],"predecessor-version":[{"id":200,"href":"https:\/\/thomasborie.com\/index.php\/wp-json\/wp\/v2\/pages\/11\/revisions\/200"}],"wp:featuredmedia":[{"embeddable":true,"href":"https:\/\/thomasborie.com\/index.php\/wp-json\/wp\/v2\/media\/76"}],"wp:attachment":[{"href":"https:\/\/thomasborie.com\/index.php\/wp-json\/wp\/v2\/media?parent=11"}],"curies":[{"name":"wp","href":"https:\/\/api.w.org\/{rel}","templated":true}]}}